{"id":746,"date":"2023-03-01T15:26:10","date_gmt":"2023-03-01T15:26:10","guid":{"rendered":"https:\/\/gromeautomobiler.dk\/?post_type=product&#038;p=746"},"modified":"2023-03-07T08:09:20","modified_gmt":"2023-03-07T08:09:20","slug":"vinterhjul-paa-alufaelg-til-kia-nio-nb-pigdaek","status":"publish","type":"product","link":"https:\/\/gromeautomobiler.dk\/?product=vinterhjul-paa-alufaelg-til-kia-nio-nb-pigdaek","title":{"rendered":"Vinterhjul p\u00e5 Aluf\u00e6lg til Kia Niro &#8211; NB: PIGD\u00c6K"},"content":{"rendered":"<p>Vinterhjul p\u00e5 Aluf\u00e6lg til Kia Nio &#8211; NB: PIGD\u00c6K komplet s\u00e6k<\/p>\n<p>BEM\u00c6RK: Denne varer sendes ikke<\/p>\n","protected":false},"excerpt":{"rendered":"<p>Vinterhjul p\u00e5 Aluf\u00e6lg til Kia Nio &#8211; NB: PIGD\u00c6K komplet s\u00e6k BEM\u00c6RK: Denne varer sendes ikke<\/p>\n","protected":false},"featured_media":742,"comment_status":"closed","ping_status":"closed","template":"","meta":[],"product_brand":[],"product_cat":[82],"product_tag":[83],"class_list":{"0":"post-746","1":"product","2":"type-product","3":"status-publish","4":"has-post-thumbnail","6":"product_cat-vinterhjul","7":"product_tag-kia-niro-vinter-vinterhjul-vinterdaek","8":"product_shipping_class-over-20-kg","10":"first","11":"instock","12":"sale","13":"taxable","14":"shipping-taxable","15":"purchasable","16":"product-type-simple"},"jetpack_sharing_enabled":true,"_links":{"self":[{"href":"https:\/\/gromeautomobiler.dk\/index.php?rest_route=\/wp\/v2\/product\/746","targetHints":{"allow":["GET"]}}],"collection":[{"href":"https:\/\/gromeautomobiler.dk\/index.php?rest_route=\/wp\/v2\/product"}],"about":[{"href":"https:\/\/gromeautomobiler.dk\/index.php?rest_route=\/wp\/v2\/types\/product"}],"replies":[{"embeddable":true,"href":"https:\/\/gromeautomobiler.dk\/index.php?rest_route=%2Fwp%2Fv2%2Fcomments&post=746"}],"wp:featuredmedia":[{"embeddable":true,"href":"https:\/\/gromeautomobiler.dk\/index.php?rest_route=\/wp\/v2\/media\/742"}],"wp:attachment":[{"href":"https:\/\/gromeautomobiler.dk\/index.php?rest_route=%2Fwp%2Fv2%2Fmedia&parent=746"}],"wp:term":[{"taxonomy":"product_brand","embeddable":true,"href":"https:\/\/gromeautomobiler.dk\/index.php?rest_route=%2Fwp%2Fv2%2Fproduct_brand&post=746"},{"taxonomy":"product_cat","embeddable":true,"href":"https:\/\/gromeautomobiler.dk\/index.php?rest_route=%2Fwp%2Fv2%2Fproduct_cat&post=746"},{"taxonomy":"product_tag","embeddable":true,"href":"https:\/\/gromeautomobiler.dk\/index.php?rest_route=%2Fwp%2Fv2%2Fproduct_tag&post=746"}],"curies":[{"name":"wp","href":"https:\/\/api.w.org\/{rel}","templated":true}]}}