{"id":331,"date":"2021-04-14T06:23:01","date_gmt":"2021-04-14T06:23:01","guid":{"rendered":"https:\/\/gromeautomobiler.dk\/?post_type=product&#038;p=331"},"modified":"2024-02-09T13:55:47","modified_gmt":"2024-02-09T13:55:47","slug":"standart-maatter-seat-mii","status":"publish","type":"product","link":"https:\/\/gromeautomobiler.dk\/?product=standart-maatter-seat-mii","title":{"rendered":"Standart m\u00e5tter SEAT Mii"},"content":{"rendered":"<figure id=\"attachment_332\" aria-describedby=\"caption-attachment-332\" style=\"width: 215px\" class=\"wp-caption alignnone\"><img data-recalc-dims=\"1\" loading=\"lazy\" decoding=\"async\" class=\"size-full wp-image-332\" src=\"https:\/\/i0.wp.com\/gromeautomobiler.dk\/wp-content\/uploads\/2021\/04\/maatter.jpg?resize=215%2C215&#038;ssl=1\" alt=\"Stofm\u00e5ter\" width=\"215\" height=\"215\" srcset=\"https:\/\/i0.wp.com\/gromeautomobiler.dk\/wp-content\/uploads\/2021\/04\/maatter.jpg?w=215&amp;ssl=1 215w, https:\/\/i0.wp.com\/gromeautomobiler.dk\/wp-content\/uploads\/2021\/04\/maatter.jpg?resize=150%2C150&amp;ssl=1 150w, https:\/\/i0.wp.com\/gromeautomobiler.dk\/wp-content\/uploads\/2021\/04\/maatter.jpg?resize=100%2C100&amp;ssl=1 100w\" sizes=\"auto, (max-width: 215px) 100vw, 215px\" \/><figcaption id=\"caption-attachment-332\" class=\"wp-caption-text\">Stofm\u00e5tter<\/figcaption><\/figure>\n<p>F\u00e5 friske stofm\u00e5tter til at k\u00f8re sommeren i m\u00f8de med.<br \/>\nNormal pris 545,-<\/p>\n<p>S\u00e5 l\u00e6nge lager varer kun 399,-<\/p>\n","protected":false},"excerpt":{"rendered":"[caption id=\"attachment_332\" align=\"alignnone\" width=\"215\"]<img loading=\"lazy\" decoding=\"async\" class=\"size-full wp-image-332\" src=\"https:\/\/gromeautomobiler.dk\/wp-content\/uploads\/2021\/04\/maatter.jpg\" alt=\"Stofm\u00e5ter\" width=\"215\" height=\"215\" srcset=\"https:\/\/i0.wp.com\/gromeautomobiler.dk\/wp-content\/uploads\/2021\/04\/maatter.jpg?w=215&amp;ssl=1 215w, https:\/\/i0.wp.com\/gromeautomobiler.dk\/wp-content\/uploads\/2021\/04\/maatter.jpg?resize=150%2C150&amp;ssl=1 150w, https:\/\/i0.wp.com\/gromeautomobiler.dk\/wp-content\/uploads\/2021\/04\/maatter.jpg?resize=100%2C100&amp;ssl=1 100w\" sizes=\"auto, (max-width: 215px) 100vw, 215px\" \/> Stofm\u00e5tter[\/caption]\n<p>F\u00e5 friske stofm\u00e5tter til at k\u00f8re sommeren i m\u00f8de med.<br \/>\nNormal pris 545,-<\/p>\n<p>S\u00e5 l\u00e6nge lager varer kun 399,-<\/p>\n","protected":false},"featured_media":332,"comment_status":"closed","ping_status":"closed","template":"","meta":[],"product_brand":[],"product_cat":[37],"product_tag":[],"class_list":{"0":"post-331","1":"product","2":"type-product","3":"status-publish","4":"has-post-thumbnail","6":"product_cat-seat-dele","7":"product_shipping_class-5-kg","9":"first","10":"instock","11":"sale","12":"taxable","13":"shipping-taxable","14":"purchasable","15":"product-type-simple"},"jetpack_sharing_enabled":true,"_links":{"self":[{"href":"https:\/\/gromeautomobiler.dk\/index.php?rest_route=\/wp\/v2\/product\/331","targetHints":{"allow":["GET"]}}],"collection":[{"href":"https:\/\/gromeautomobiler.dk\/index.php?rest_route=\/wp\/v2\/product"}],"about":[{"href":"https:\/\/gromeautomobiler.dk\/index.php?rest_route=\/wp\/v2\/types\/product"}],"replies":[{"embeddable":true,"href":"https:\/\/gromeautomobiler.dk\/index.php?rest_route=%2Fwp%2Fv2%2Fcomments&post=331"}],"wp:featuredmedia":[{"embeddable":true,"href":"https:\/\/gromeautomobiler.dk\/index.php?rest_route=\/wp\/v2\/media\/332"}],"wp:attachment":[{"href":"https:\/\/gromeautomobiler.dk\/index.php?rest_route=%2Fwp%2Fv2%2Fmedia&parent=331"}],"wp:term":[{"taxonomy":"product_brand","embeddable":true,"href":"https:\/\/gromeautomobiler.dk\/index.php?rest_route=%2Fwp%2Fv2%2Fproduct_brand&post=331"},{"taxonomy":"product_cat","embeddable":true,"href":"https:\/\/gromeautomobiler.dk\/index.php?rest_route=%2Fwp%2Fv2%2Fproduct_cat&post=331"},{"taxonomy":"product_tag","embeddable":true,"href":"https:\/\/gromeautomobiler.dk\/index.php?rest_route=%2Fwp%2Fv2%2Fproduct_tag&post=331"}],"curies":[{"name":"wp","href":"https:\/\/api.w.org\/{rel}","templated":true}]}}