{"id":993,"date":"2025-09-04T13:41:05","date_gmt":"2025-09-04T13:41:05","guid":{"rendered":"https:\/\/gromeautomobiler.dk\/?page_id=993"},"modified":"2025-09-04T13:41:06","modified_gmt":"2025-09-04T13:41:06","slug":"skymoto-108-lille-knallert-euro-5","status":"publish","type":"page","link":"https:\/\/gromeautomobiler.dk\/?page_id=993","title":{"rendered":"SKYMOTO 108 \u00a0LILLE KNALLERT EURO 5"},"content":{"rendered":"\n<div class=\"wp-block-jetpack-tiled-gallery aligncenter is-style-rectangular\"><div class=\"\"><div class=\"tiled-gallery__gallery\"><div class=\"tiled-gallery__row\"><div class=\"tiled-gallery__col\" style=\"flex-basis:66.75325%\"><figure class=\"tiled-gallery__item\"><img decoding=\"async\" srcset=\"https:\/\/i0.wp.com\/gromeautomobiler.dk\/wp-content\/uploads\/2025\/09\/108_fra-hoejre-side-fritlagt.png?strip=info&#038;w=519&#038;ssl=1 519w\" alt=\"\" data-height=\"358\" data-id=\"996\" data-link=\"https:\/\/gromeautomobiler.dk\/?attachment_id=996\" data-url=\"https:\/\/gromeautomobiler.dk\/wp-content\/uploads\/2025\/09\/108_fra-hoejre-side-fritlagt.png\" data-width=\"519\" src=\"https:\/\/i0.wp.com\/gromeautomobiler.dk\/wp-content\/uploads\/2025\/09\/108_fra-hoejre-side-fritlagt.png?ssl=1\" data-amp-layout=\"responsive\"\/><\/figure><\/div><div class=\"tiled-gallery__col\" style=\"flex-basis:33.24675%\"><figure class=\"tiled-gallery__item\"><img decoding=\"async\" srcset=\"https:\/\/i0.wp.com\/gromeautomobiler.dk\/wp-content\/uploads\/2025\/09\/SKYMOTO-108-GROeN-SKRAa-FORFRA-HOeJRE.png?strip=info&#038;w=300&#038;ssl=1 300w\" alt=\"\" data-height=\"172\" data-id=\"995\" data-link=\"https:\/\/gromeautomobiler.dk\/?attachment_id=995\" data-url=\"https:\/\/gromeautomobiler.dk\/wp-content\/uploads\/2025\/09\/SKYMOTO-108-GROeN-SKRAa-FORFRA-HOeJRE.png\" data-width=\"300\" src=\"https:\/\/i0.wp.com\/gromeautomobiler.dk\/wp-content\/uploads\/2025\/09\/SKYMOTO-108-GROeN-SKRAa-FORFRA-HOeJRE.png?ssl=1\" data-amp-layout=\"responsive\"\/><\/figure><figure class=\"tiled-gallery__item\"><img decoding=\"async\" srcset=\"https:\/\/i0.wp.com\/gromeautomobiler.dk\/wp-content\/uploads\/2025\/09\/SKYMOTO-108-GROeN-SKRAa-BAGFRA-VENSTRE.png?strip=info&#038;w=300&#038;ssl=1 300w\" alt=\"\" data-height=\"169\" data-id=\"994\" data-link=\"https:\/\/gromeautomobiler.dk\/?attachment_id=994\" data-url=\"https:\/\/gromeautomobiler.dk\/wp-content\/uploads\/2025\/09\/SKYMOTO-108-GROeN-SKRAa-BAGFRA-VENSTRE.png\" data-width=\"300\" src=\"https:\/\/i0.wp.com\/gromeautomobiler.dk\/wp-content\/uploads\/2025\/09\/SKYMOTO-108-GROeN-SKRAa-BAGFRA-VENSTRE.png?ssl=1\" data-amp-layout=\"responsive\"\/><\/figure><\/div><\/div><\/div><\/div><\/div>\n\n\n\n<p><strong>SKYMOTO&nbsp; 108&nbsp; LILLE KNALLERT EURO 5<\/strong><\/p>\n\n\n\n<p><strong>Motortype:4 Takt luftk\u00f8let, 1 cylinder.<\/strong><\/p>\n\n\n\n<p><strong>Motorst\u00f8rrelse:49 ccm 2,9 HK. med&nbsp; elektronisk benzinindspr\u00f8jtning<\/strong><\/p>\n\n\n\n<p><strong>Starter:El &amp; Kickstarter.<\/strong><\/p>\n\n\n\n<p><strong>Transmission: CVT-gearkasse med centrifugalkobling<\/strong><\/p>\n\n\n\n<p><strong>Tankindhold:5,0 L.<\/strong><\/p>\n\n\n\n<p><strong>Choker:automatisk.<\/strong><\/p>\n\n\n\n<p><strong>Oktan: 95.<\/strong><\/p>\n\n\n\n<p><strong>L &#8211; B &#8211; H:1840\/685\/1165 mm.<\/strong><\/p>\n\n\n\n<p><strong>Akselafstand:1270 mm.<\/strong><\/p>\n\n\n\n<p><strong>Sadelh\u00f8jde:768 mm.<\/strong><\/p>\n\n\n\n<p><strong>V\u00e6gt k\u00f8reklar:99 kg.<\/strong><\/p>\n\n\n\n<p><strong>Affjedring for\/bag:Teleskopforgaffel &#8211; St\u00f8dd\u00e6mper.<\/strong><\/p>\n\n\n\n<p><strong>Bremser for\/bag:Skive 155- tromle.<\/strong><\/p>\n\n\n\n<p><strong>D\u00e6k for\/bag:110\/90-12.<\/strong><\/p>\n\n\n\n<p><strong>Udstyr: LED forlygte med k\u00f8relys, LCDSpeedometer\/ Kilometert\u00e6ller,<\/strong><\/p>\n\n\n\n<p><strong>Led blinklys, benzinm\u00e5ler,<\/strong><\/p>\n\n\n\n<p><strong>Kontrollampe for blinklys, og fjernlys, styrl\u00e5s.<\/strong><\/p>\n\n\n\n<p><strong>Leveres i farverne:matsort og g\u00f8n<\/strong><\/p>\n\n\n\n<p><strong>Pris Kr. 19.995,00 incl. levering<\/strong><\/p>\n\n\n\n<p><\/p>\n","protected":false},"excerpt":{"rendered":"<p>SKYMOTO&nbsp; 108&nbsp; LILLE KNALLERT EURO 5 Motortype:4 Takt luftk\u00f8let, 1 cylinder. Motorst\u00f8rrelse:49 ccm 2,9 HK. med&nbsp; elektronisk benzinindspr\u00f8jtning Starter:El &amp; Kickstarter. Transmission: CVT-gearkasse med centrifugalkobling Tankindhold:5,0 L. Choker:automatisk. Oktan: 95. L &#8211; B &#8211; H:1840\/685\/1165 mm. Akselafstand:1270 mm. Sadelh\u00f8jde:768 mm. V\u00e6gt k\u00f8reklar:99 kg. Affjedring for\/bag:Teleskopforgaffel &#8211; St\u00f8dd\u00e6mper. Bremser for\/bag:Skive 155- tromle. D\u00e6k for\/bag:110\/90-12. Udstyr: LED [&hellip;]<\/p>\n","protected":false},"author":1,"featured_media":0,"parent":0,"menu_order":0,"comment_status":"closed","ping_status":"closed","template":"","meta":{"footnotes":""},"class_list":["post-993","page","type-page","status-publish","hentry"],"jetpack_sharing_enabled":true,"_links":{"self":[{"href":"https:\/\/gromeautomobiler.dk\/index.php?rest_route=\/wp\/v2\/pages\/993","targetHints":{"allow":["GET"]}}],"collection":[{"href":"https:\/\/gromeautomobiler.dk\/index.php?rest_route=\/wp\/v2\/pages"}],"about":[{"href":"https:\/\/gromeautomobiler.dk\/index.php?rest_route=\/wp\/v2\/types\/page"}],"author":[{"embeddable":true,"href":"https:\/\/gromeautomobiler.dk\/index.php?rest_route=\/wp\/v2\/users\/1"}],"replies":[{"embeddable":true,"href":"https:\/\/gromeautomobiler.dk\/index.php?rest_route=%2Fwp%2Fv2%2Fcomments&post=993"}],"version-history":[{"count":1,"href":"https:\/\/gromeautomobiler.dk\/index.php?rest_route=\/wp\/v2\/pages\/993\/revisions"}],"predecessor-version":[{"id":997,"href":"https:\/\/gromeautomobiler.dk\/index.php?rest_route=\/wp\/v2\/pages\/993\/revisions\/997"}],"wp:attachment":[{"href":"https:\/\/gromeautomobiler.dk\/index.php?rest_route=%2Fwp%2Fv2%2Fmedia&parent=993"}],"curies":[{"name":"wp","href":"https:\/\/api.w.org\/{rel}","templated":true}]}}