{"id":986,"date":"2025-09-04T13:38:55","date_gmt":"2025-09-04T13:38:55","guid":{"rendered":"https:\/\/gromeautomobiler.dk\/?page_id=986"},"modified":"2025-09-04T13:38:56","modified_gmt":"2025-09-04T13:38:56","slug":"dax-skymax-lille-knallert-euro-5-plus","status":"publish","type":"page","link":"https:\/\/gromeautomobiler.dk\/?page_id=986","title":{"rendered":"DAX SKYMAX LILLE KNALLERT EURO 5 PLUS"},"content":{"rendered":"\n<figure class=\"wp-block-gallery has-nested-images columns-default is-cropped wp-block-gallery-1 is-layout-flex wp-block-gallery-is-layout-flex\">\n<figure class=\"wp-block-image size-large\"><img data-recalc-dims=\"1\" loading=\"lazy\" decoding=\"async\" width=\"282\" height=\"200\" data-id=\"988\" src=\"https:\/\/i0.wp.com\/gromeautomobiler.dk\/wp-content\/uploads\/2025\/09\/DAX.png?resize=282%2C200&#038;ssl=1\" alt=\"\" class=\"wp-image-988\"\/><\/figure>\n\n\n\n<figure class=\"wp-block-image size-large\"><img data-recalc-dims=\"1\" loading=\"lazy\" decoding=\"async\" width=\"303\" height=\"212\" data-id=\"987\" src=\"https:\/\/i0.wp.com\/gromeautomobiler.dk\/wp-content\/uploads\/2025\/09\/DAX1.jpg?resize=303%2C212&#038;ssl=1\" alt=\"\" class=\"wp-image-987\" srcset=\"https:\/\/i0.wp.com\/gromeautomobiler.dk\/wp-content\/uploads\/2025\/09\/DAX1.jpg?w=303&amp;ssl=1 303w, https:\/\/i0.wp.com\/gromeautomobiler.dk\/wp-content\/uploads\/2025\/09\/DAX1.jpg?resize=300%2C210&amp;ssl=1 300w\" sizes=\"auto, (max-width: 303px) 100vw, 303px\" \/><\/figure>\n\n\n\n<figure class=\"wp-block-image size-large\"><img data-recalc-dims=\"1\" loading=\"lazy\" decoding=\"async\" width=\"306\" height=\"212\" data-id=\"989\" src=\"https:\/\/i0.wp.com\/gromeautomobiler.dk\/wp-content\/uploads\/2025\/09\/DAX2.jpg?resize=306%2C212&#038;ssl=1\" alt=\"\" class=\"wp-image-989\" srcset=\"https:\/\/i0.wp.com\/gromeautomobiler.dk\/wp-content\/uploads\/2025\/09\/DAX2.jpg?w=306&amp;ssl=1 306w, https:\/\/i0.wp.com\/gromeautomobiler.dk\/wp-content\/uploads\/2025\/09\/DAX2.jpg?resize=300%2C208&amp;ssl=1 300w\" sizes=\"auto, (max-width: 306px) 100vw, 306px\" \/><\/figure>\n\n\n\n<figure class=\"wp-block-image size-large\"><img data-recalc-dims=\"1\" loading=\"lazy\" decoding=\"async\" width=\"264\" height=\"200\" data-id=\"990\" src=\"https:\/\/i0.wp.com\/gromeautomobiler.dk\/wp-content\/uploads\/2025\/09\/DAX3.jpg?resize=264%2C200&#038;ssl=1\" alt=\"\" class=\"wp-image-990\"\/><\/figure>\n<\/figure>\n\n\n\n<p><strong>Motortype:4 Takt luftk\u00f8let, 1 cylinder.<\/strong><\/p>\n\n\n\n<p><strong>Motorst\u00f8rrelse:49 ccm&nbsp; 2,9 HK. med i elektronisk&nbsp; benzinindspr\u00f8jtning<\/strong><\/p>\n\n\n\n<p><strong>Starter:El &amp; Kickstarter.<\/strong><\/p>\n\n\n\n<p><strong>Transmission:4 fodgear manuel kobling-k\u00e6detr\u00e6k.<\/strong><\/p>\n\n\n\n<p><strong>Tankindhold:5,5 L.<\/strong><\/p>\n\n\n\n<p><strong>Choker:automatisk.<\/strong><\/p>\n\n\n\n<p><strong>Oktan: 100 E5.<\/strong><\/p>\n\n\n\n<p><strong>L &#8211; B &#8211; H:1550\/620\/950 mm.<\/strong><\/p>\n\n\n\n<p><strong>Akselafstand:<\/strong><\/p>\n\n\n\n<p><strong>V\u00e6gt k\u00f8reklar:79kg.<\/strong><\/p>\n\n\n\n<p><strong>Affjedring for\/bag:Teleskopforgaffel &#8211; St\u00f8dd\u00e6mper.<\/strong><\/p>\n\n\n\n<p><strong>Bremser for\/bag:Skive 155-&nbsp; tromle.<\/strong><\/p>\n\n\n\n<p><strong>D\u00e6k for\/bag:300-10\/ &#8211; 300-10.<\/strong><\/p>\n\n\n\n<p><strong>Udstyr: LED forlygte&nbsp; med k\u00f8relys, LCDSpeedometer\/ Kilometert\u00e6ller,&nbsp;<\/strong><\/p>\n\n\n\n<p><strong>Led blinklys, benzinm\u00e5ler,&nbsp;<\/strong><\/p>\n\n\n\n<p><strong>kontrollampe for blinklys, &nbsp;og fjernlys, styrl\u00e5s&nbsp;.<\/strong><\/p>\n\n\n\n<p><strong>Leveres i farverne:matblack,&nbsp; dark grey ,&nbsp;<\/strong><\/p>\n\n\n\n<p><strong>Metalic blue og dark metalic red .<\/strong><\/p>\n\n\n\n<p><strong>Pris Kr. 19.995,00 incl. levering<\/strong><\/p>\n","protected":false},"excerpt":{"rendered":"<p>Motortype:4 Takt luftk\u00f8let, 1 cylinder. Motorst\u00f8rrelse:49 ccm&nbsp; 2,9 HK. med i elektronisk&nbsp; benzinindspr\u00f8jtning Starter:El &amp; Kickstarter. Transmission:4 fodgear manuel kobling-k\u00e6detr\u00e6k. Tankindhold:5,5 L. Choker:automatisk. Oktan: 100 E5. L &#8211; B &#8211; H:1550\/620\/950 mm. Akselafstand: V\u00e6gt k\u00f8reklar:79kg. Affjedring for\/bag:Teleskopforgaffel &#8211; St\u00f8dd\u00e6mper. Bremser for\/bag:Skive 155-&nbsp; tromle. D\u00e6k for\/bag:300-10\/ &#8211; 300-10. Udstyr: LED forlygte&nbsp; med k\u00f8relys, LCDSpeedometer\/ Kilometert\u00e6ller,&nbsp; Led [&hellip;]<\/p>\n","protected":false},"author":1,"featured_media":0,"parent":0,"menu_order":0,"comment_status":"closed","ping_status":"closed","template":"","meta":{"footnotes":""},"class_list":["post-986","page","type-page","status-publish","hentry"],"jetpack_sharing_enabled":true,"_links":{"self":[{"href":"https:\/\/gromeautomobiler.dk\/index.php?rest_route=\/wp\/v2\/pages\/986","targetHints":{"allow":["GET"]}}],"collection":[{"href":"https:\/\/gromeautomobiler.dk\/index.php?rest_route=\/wp\/v2\/pages"}],"about":[{"href":"https:\/\/gromeautomobiler.dk\/index.php?rest_route=\/wp\/v2\/types\/page"}],"author":[{"embeddable":true,"href":"https:\/\/gromeautomobiler.dk\/index.php?rest_route=\/wp\/v2\/users\/1"}],"replies":[{"embeddable":true,"href":"https:\/\/gromeautomobiler.dk\/index.php?rest_route=%2Fwp%2Fv2%2Fcomments&post=986"}],"version-history":[{"count":1,"href":"https:\/\/gromeautomobiler.dk\/index.php?rest_route=\/wp\/v2\/pages\/986\/revisions"}],"predecessor-version":[{"id":991,"href":"https:\/\/gromeautomobiler.dk\/index.php?rest_route=\/wp\/v2\/pages\/986\/revisions\/991"}],"wp:attachment":[{"href":"https:\/\/gromeautomobiler.dk\/index.php?rest_route=%2Fwp%2Fv2%2Fmedia&parent=986"}],"curies":[{"name":"wp","href":"https:\/\/api.w.org\/{rel}","templated":true}]}}