{"id":980,"date":"2025-09-04T13:36:16","date_gmt":"2025-09-04T13:36:16","guid":{"rendered":"https:\/\/gromeautomobiler.dk\/?page_id=980"},"modified":"2025-09-04T13:36:17","modified_gmt":"2025-09-04T13:36:17","slug":"x-bongo-50-cc-lille-knallert","status":"publish","type":"page","link":"https:\/\/gromeautomobiler.dk\/?page_id=980","title":{"rendered":"X-BONGO 50 CC LILLE KNALLERT"},"content":{"rendered":"\n<div class=\"wp-block-jetpack-tiled-gallery aligncenter is-style-rectangular\"><div class=\"\"><div class=\"tiled-gallery__gallery\"><div class=\"tiled-gallery__row\"><div class=\"tiled-gallery__col\" style=\"flex-basis:69.01107%\"><figure class=\"tiled-gallery__item\"><img decoding=\"async\" srcset=\"https:\/\/i0.wp.com\/gromeautomobiler.dk\/wp-content\/uploads\/2025\/09\/X-bongo.png?strip=info&#038;w=505&#038;ssl=1 505w\" alt=\"\" data-height=\"351\" data-id=\"981\" data-link=\"https:\/\/gromeautomobiler.dk\/?attachment_id=981\" data-url=\"https:\/\/gromeautomobiler.dk\/wp-content\/uploads\/2025\/09\/X-bongo.png\" data-width=\"505\" src=\"https:\/\/i0.wp.com\/gromeautomobiler.dk\/wp-content\/uploads\/2025\/09\/X-bongo.png?ssl=1\" data-amp-layout=\"responsive\"\/><\/figure><\/div><div class=\"tiled-gallery__col\" style=\"flex-basis:30.98893%\"><figure class=\"tiled-gallery__item\"><img decoding=\"async\" srcset=\"https:\/\/i0.wp.com\/gromeautomobiler.dk\/wp-content\/uploads\/2025\/09\/X-bongo2.png?strip=info&#038;w=398&#038;ssl=1 398w\" alt=\"\" data-height=\"308\" data-id=\"982\" data-link=\"https:\/\/gromeautomobiler.dk\/?attachment_id=982\" data-url=\"https:\/\/gromeautomobiler.dk\/wp-content\/uploads\/2025\/09\/X-bongo2.png\" data-width=\"398\" src=\"https:\/\/i0.wp.com\/gromeautomobiler.dk\/wp-content\/uploads\/2025\/09\/X-bongo2.png?ssl=1\" data-amp-layout=\"responsive\"\/><\/figure><figure class=\"tiled-gallery__item\"><img decoding=\"async\" srcset=\"https:\/\/i0.wp.com\/gromeautomobiler.dk\/wp-content\/uploads\/2025\/09\/X-bongo3.png?strip=info&#038;w=420&#038;ssl=1 420w\" alt=\"\" data-height=\"322\" data-id=\"983\" data-link=\"https:\/\/gromeautomobiler.dk\/?attachment_id=983\" data-url=\"https:\/\/gromeautomobiler.dk\/wp-content\/uploads\/2025\/09\/X-bongo3.png\" data-width=\"420\" src=\"https:\/\/i0.wp.com\/gromeautomobiler.dk\/wp-content\/uploads\/2025\/09\/X-bongo3.png?ssl=1\" data-amp-layout=\"responsive\"\/><\/figure><\/div><\/div><\/div><\/div><\/div>\n\n\n\n<p><strong>X-BONGO 50 CC LILLE KNALLERT<\/strong><\/p>\n\n\n\n<p><strong>Motorst\u00f8rrelse:49,5 ccm.&nbsp; 2,9 HK. med&nbsp; elektronisk&nbsp; benzinindspr\u00f8jtning<\/strong><\/p>\n\n\n\n<p><strong>Starter: El &amp; Kickstarter.<\/strong><\/p>\n\n\n\n<p><strong>Transmission: 4 fodgear manuel kobling-k\u00e6detr\u00e6k.<\/strong><\/p>\n\n\n\n<p><strong>Tankindhold:6,0 L.<\/strong><\/p>\n\n\n\n<p><strong>Choker:automatisk<\/strong><\/p>\n\n\n\n<p><strong>Oktan:95 blyfri.<\/strong><\/p>\n\n\n\n<p><strong>L &#8211; B &#8211; H:1650\/760\/1035 mm.<\/strong><\/p>\n\n\n\n<p><strong>Akselafstand:<\/strong><\/p>\n\n\n\n<p><strong>V\u00e6gt k\u00f8reklar:96 kg.<\/strong><\/p>\n\n\n\n<p><strong>Affjedring for\/bag:Teleskopforgaffel &#8211;&nbsp;&nbsp; dobbelt St\u00f8dd\u00e6mper bag.<\/strong><\/p>\n\n\n\n<p><strong>Bremser for\/bag:Skive<\/strong><\/p>\n\n\n\n<p><strong>D\u00e6k for\/bag:120\/80-12<\/strong><\/p>\n\n\n\n<p><strong>Udstyr: LED forlygte&nbsp; med k\u00f8relys, LCDSpeedometer\/ Kilometert\u00e6ller,&nbsp;<\/strong><\/p>\n\n\n\n<p><strong>Led blinklys, benzinm\u00e5ler,&nbsp;<\/strong><\/p>\n\n\n\n<p><strong>kontrollampe for blinklys, &nbsp;og fjernlys, styrl\u00e5s&nbsp;.<\/strong><\/p>\n\n\n\n<p><strong>Leveres i farverne:&nbsp; Golden metalic black og&nbsp; titanium grey.<\/strong><\/p>\n\n\n\n<p><strong>Pris Kr. 21.995,00&nbsp; incl.&nbsp; levering<\/strong><\/p>\n","protected":false},"excerpt":{"rendered":"<p>X-BONGO 50 CC LILLE KNALLERT Motorst\u00f8rrelse:49,5 ccm.&nbsp; 2,9 HK. med&nbsp; elektronisk&nbsp; benzinindspr\u00f8jtning Starter: El &amp; Kickstarter. Transmission: 4 fodgear manuel kobling-k\u00e6detr\u00e6k. Tankindhold:6,0 L. Choker:automatisk Oktan:95 blyfri. L &#8211; B &#8211; H:1650\/760\/1035 mm. Akselafstand: V\u00e6gt k\u00f8reklar:96 kg. Affjedring for\/bag:Teleskopforgaffel &#8211;&nbsp;&nbsp; dobbelt St\u00f8dd\u00e6mper bag. Bremser for\/bag:Skive D\u00e6k for\/bag:120\/80-12 Udstyr: LED forlygte&nbsp; med k\u00f8relys, LCDSpeedometer\/ Kilometert\u00e6ller,&nbsp; Led blinklys, [&hellip;]<\/p>\n","protected":false},"author":1,"featured_media":0,"parent":0,"menu_order":0,"comment_status":"closed","ping_status":"closed","template":"","meta":{"footnotes":""},"class_list":["post-980","page","type-page","status-publish","hentry"],"jetpack_sharing_enabled":true,"_links":{"self":[{"href":"https:\/\/gromeautomobiler.dk\/index.php?rest_route=\/wp\/v2\/pages\/980","targetHints":{"allow":["GET"]}}],"collection":[{"href":"https:\/\/gromeautomobiler.dk\/index.php?rest_route=\/wp\/v2\/pages"}],"about":[{"href":"https:\/\/gromeautomobiler.dk\/index.php?rest_route=\/wp\/v2\/types\/page"}],"author":[{"embeddable":true,"href":"https:\/\/gromeautomobiler.dk\/index.php?rest_route=\/wp\/v2\/users\/1"}],"replies":[{"embeddable":true,"href":"https:\/\/gromeautomobiler.dk\/index.php?rest_route=%2Fwp%2Fv2%2Fcomments&post=980"}],"version-history":[{"count":1,"href":"https:\/\/gromeautomobiler.dk\/index.php?rest_route=\/wp\/v2\/pages\/980\/revisions"}],"predecessor-version":[{"id":984,"href":"https:\/\/gromeautomobiler.dk\/index.php?rest_route=\/wp\/v2\/pages\/980\/revisions\/984"}],"wp:attachment":[{"href":"https:\/\/gromeautomobiler.dk\/index.php?rest_route=%2Fwp%2Fv2%2Fmedia&parent=980"}],"curies":[{"name":"wp","href":"https:\/\/api.w.org\/{rel}","templated":true}]}}