{"id":970,"date":"2025-08-10T13:35:38","date_gmt":"2025-08-10T13:35:38","guid":{"rendered":"https:\/\/gromeautomobiler.dk\/?page_id=970"},"modified":"2025-08-10T13:35:39","modified_gmt":"2025-08-10T13:35:39","slug":"skymoto-sky-cargo","status":"publish","type":"page","link":"https:\/\/gromeautomobiler.dk\/?page_id=970","title":{"rendered":"Skymoto SKY Cargo"},"content":{"rendered":"\n<pre class=\"wp-block-preformatted\">Skymoto SKY Cargo<br><br>Skymoto cargo EURO 5 godkendt.<br>Et handy k\u00f8ret\u00f8j med god plads der g\u00e5r nem en Europalle ind i lastrummet.<br><br>K\u00f8rer op til 60 km. Afstand afh\u00e6nger af kulde samt k\u00f8restil<br>Kr\u00e6ver ikke k\u00f8rekort over 18 \u00e5r.<br>M\u00e5 k\u00f8res af 15 \u00e5rig med knallertk\u00f8rekort.<br>Forsikres som knallert.<br>Ekstrem let k\u00f8rt og stabil. Tr\u00e6kker utrolig godt og bremser med lethed  da der er Skivebremse p\u00e5 alle hjul, bakkamera, elruder, radio med blue-tooth, vinduesvisker med sprinkleranl\u00e6g, soltag osv.<br><br>Her kan du sidde inde og undg\u00e5 vejret udenfor - en fantastisk m\u00e5de at transportere sig selv p\u00e5.<br><br>Pris KOMMER! <br><br><br><\/pre>\n\n\n\n<figure class=\"wp-block-gallery has-nested-images columns-default is-cropped wp-block-gallery-1 is-layout-flex wp-block-gallery-is-layout-flex\">\n<figure class=\"wp-block-image size-full\"><img data-recalc-dims=\"1\" loading=\"lazy\" decoding=\"async\" width=\"980\" height=\"735\" data-id=\"971\" src=\"https:\/\/i0.wp.com\/gromeautomobiler.dk\/wp-content\/uploads\/2025\/08\/IMG_20250704_151338.jpg?resize=980%2C735&#038;ssl=1\" alt=\"Sky Cargo\" class=\"wp-image-971\" srcset=\"https:\/\/i0.wp.com\/gromeautomobiler.dk\/wp-content\/uploads\/2025\/08\/IMG_20250704_151338.jpg?w=1024&amp;ssl=1 1024w, https:\/\/i0.wp.com\/gromeautomobiler.dk\/wp-content\/uploads\/2025\/08\/IMG_20250704_151338.jpg?resize=300%2C225&amp;ssl=1 300w, https:\/\/i0.wp.com\/gromeautomobiler.dk\/wp-content\/uploads\/2025\/08\/IMG_20250704_151338.jpg?resize=768%2C576&amp;ssl=1 768w, https:\/\/i0.wp.com\/gromeautomobiler.dk\/wp-content\/uploads\/2025\/08\/IMG_20250704_151338.jpg?resize=416%2C312&amp;ssl=1 416w\" sizes=\"auto, (max-width: 980px) 100vw, 980px\" \/><figcaption class=\"wp-element-caption\">Sky Cargo<\/figcaption><\/figure>\n\n\n\n<figure class=\"wp-block-image size-full\"><img data-recalc-dims=\"1\" loading=\"lazy\" decoding=\"async\" width=\"980\" height=\"735\" data-id=\"972\" src=\"https:\/\/i0.wp.com\/gromeautomobiler.dk\/wp-content\/uploads\/2025\/08\/IMG_20250704_151338-1.jpg?resize=980%2C735&#038;ssl=1\" alt=\"SKY CARGO\" class=\"wp-image-972\" srcset=\"https:\/\/i0.wp.com\/gromeautomobiler.dk\/wp-content\/uploads\/2025\/08\/IMG_20250704_151338-1.jpg?w=1024&amp;ssl=1 1024w, https:\/\/i0.wp.com\/gromeautomobiler.dk\/wp-content\/uploads\/2025\/08\/IMG_20250704_151338-1.jpg?resize=300%2C225&amp;ssl=1 300w, https:\/\/i0.wp.com\/gromeautomobiler.dk\/wp-content\/uploads\/2025\/08\/IMG_20250704_151338-1.jpg?resize=768%2C576&amp;ssl=1 768w, https:\/\/i0.wp.com\/gromeautomobiler.dk\/wp-content\/uploads\/2025\/08\/IMG_20250704_151338-1.jpg?resize=416%2C312&amp;ssl=1 416w\" sizes=\"auto, (max-width: 980px) 100vw, 980px\" \/><\/figure>\n\n\n\n<figure class=\"wp-block-image size-full\"><img data-recalc-dims=\"1\" loading=\"lazy\" decoding=\"async\" width=\"980\" height=\"735\" data-id=\"974\" src=\"https:\/\/i0.wp.com\/gromeautomobiler.dk\/wp-content\/uploads\/2025\/08\/IMG_20250704_151342-Kopi.jpg?resize=980%2C735&#038;ssl=1\" alt=\"\" class=\"wp-image-974\" srcset=\"https:\/\/i0.wp.com\/gromeautomobiler.dk\/wp-content\/uploads\/2025\/08\/IMG_20250704_151342-Kopi.jpg?w=1024&amp;ssl=1 1024w, https:\/\/i0.wp.com\/gromeautomobiler.dk\/wp-content\/uploads\/2025\/08\/IMG_20250704_151342-Kopi.jpg?resize=300%2C225&amp;ssl=1 300w, https:\/\/i0.wp.com\/gromeautomobiler.dk\/wp-content\/uploads\/2025\/08\/IMG_20250704_151342-Kopi.jpg?resize=768%2C576&amp;ssl=1 768w, https:\/\/i0.wp.com\/gromeautomobiler.dk\/wp-content\/uploads\/2025\/08\/IMG_20250704_151342-Kopi.jpg?resize=416%2C312&amp;ssl=1 416w\" sizes=\"auto, (max-width: 980px) 100vw, 980px\" \/><\/figure>\n\n\n\n<figure class=\"wp-block-image size-full\"><img data-recalc-dims=\"1\" loading=\"lazy\" decoding=\"async\" width=\"980\" height=\"735\" data-id=\"973\" src=\"https:\/\/i0.wp.com\/gromeautomobiler.dk\/wp-content\/uploads\/2025\/08\/IMG_20250704_151342.jpg?resize=980%2C735&#038;ssl=1\" alt=\"\" class=\"wp-image-973\" srcset=\"https:\/\/i0.wp.com\/gromeautomobiler.dk\/wp-content\/uploads\/2025\/08\/IMG_20250704_151342.jpg?w=1024&amp;ssl=1 1024w, https:\/\/i0.wp.com\/gromeautomobiler.dk\/wp-content\/uploads\/2025\/08\/IMG_20250704_151342.jpg?resize=300%2C225&amp;ssl=1 300w, https:\/\/i0.wp.com\/gromeautomobiler.dk\/wp-content\/uploads\/2025\/08\/IMG_20250704_151342.jpg?resize=768%2C576&amp;ssl=1 768w, https:\/\/i0.wp.com\/gromeautomobiler.dk\/wp-content\/uploads\/2025\/08\/IMG_20250704_151342.jpg?resize=416%2C312&amp;ssl=1 416w\" sizes=\"auto, (max-width: 980px) 100vw, 980px\" \/><\/figure>\n<\/figure>\n","protected":false},"excerpt":{"rendered":"<p>Skymoto SKY CargoSkymoto cargo EURO 5 godkendt.Et handy k\u00f8ret\u00f8j med god plads der g\u00e5r nem en Europalle ind i lastrummet.K\u00f8rer op til 60 km. Afstand afh\u00e6nger af kulde samt k\u00f8restilKr\u00e6ver ikke k\u00f8rekort over 18 \u00e5r.M\u00e5 k\u00f8res af 15 \u00e5rig med knallertk\u00f8rekort.Forsikres som knallert.Ekstrem let k\u00f8rt og stabil. Tr\u00e6kker utrolig godt og bremser med lethed da [&hellip;]<\/p>\n","protected":false},"author":1,"featured_media":0,"parent":0,"menu_order":0,"comment_status":"closed","ping_status":"closed","template":"","meta":{"footnotes":""},"class_list":["post-970","page","type-page","status-publish","hentry"],"jetpack_sharing_enabled":true,"_links":{"self":[{"href":"https:\/\/gromeautomobiler.dk\/index.php?rest_route=\/wp\/v2\/pages\/970","targetHints":{"allow":["GET"]}}],"collection":[{"href":"https:\/\/gromeautomobiler.dk\/index.php?rest_route=\/wp\/v2\/pages"}],"about":[{"href":"https:\/\/gromeautomobiler.dk\/index.php?rest_route=\/wp\/v2\/types\/page"}],"author":[{"embeddable":true,"href":"https:\/\/gromeautomobiler.dk\/index.php?rest_route=\/wp\/v2\/users\/1"}],"replies":[{"embeddable":true,"href":"https:\/\/gromeautomobiler.dk\/index.php?rest_route=%2Fwp%2Fv2%2Fcomments&post=970"}],"version-history":[{"count":1,"href":"https:\/\/gromeautomobiler.dk\/index.php?rest_route=\/wp\/v2\/pages\/970\/revisions"}],"predecessor-version":[{"id":975,"href":"https:\/\/gromeautomobiler.dk\/index.php?rest_route=\/wp\/v2\/pages\/970\/revisions\/975"}],"wp:attachment":[{"href":"https:\/\/gromeautomobiler.dk\/index.php?rest_route=%2Fwp%2Fv2%2Fmedia&parent=970"}],"curies":[{"name":"wp","href":"https:\/\/api.w.org\/{rel}","templated":true}]}}