{"id":962,"date":"2025-08-10T13:26:59","date_gmt":"2025-08-10T13:26:59","guid":{"rendered":"https:\/\/gromeautomobiler.dk\/?page_id=962"},"modified":"2025-09-04T13:31:22","modified_gmt":"2025-09-04T13:31:22","slug":"skymoto-lille-monster","status":"publish","type":"page","link":"https:\/\/gromeautomobiler.dk\/?page_id=962","title":{"rendered":"Skymoto &#8220;Lille Monster&#8221;"},"content":{"rendered":"\n<pre class=\"wp-block-preformatted\">LILLE MONSTER EURO 5 LILLE KNALLERT.<br>Motortype:4 Takt luftk\u00f8let, 1 cylinder.<br>Motorst\u00f8rrelse:49ccm\u00a0 med elektronisk benzin indspr\u00f8jtning<br>Starter: El &amp; Kickstarter.<br>Transmission:4 fodgear manuel kobling-k\u00e6detr\u00e6k.<br>Tankindhold:10 L.<br>Choker: automatisk.<br>Oktan:100 E5<br>L - B - H:1770\/750\/1020 mm.<br>Sadelh\u00f8jde:750mm.<br>V\u00e6gt k\u00f8reklar:104kg.<br>Affjedring for\/bag: Teleskopforgaffel - St\u00f8dd\u00e6mper.<br>Bremser for\/bag: Skive.<br>D\u00e6k for\/bag:120\/70-12.<br>Udstyr: LED forlygte\u00a0 med k\u00f8relys, LCD Speedometer\/ Kilometert\u00e6ller,\u00a0<br>Led blinklys, benzinm\u00e5ler,\u00a0<br>kontrollampe for blinklys, \u00a0og fjernlys, styrl\u00e5s\u00a0.<br>Leveres i farve: r\u00f8d ,sort og hvid .<br><strong>Pris Kr. 21.995,- inklusive levering!<\/strong><\/pre>\n\n\n\n<figure class=\"wp-block-image size-full\"><img data-recalc-dims=\"1\" loading=\"lazy\" decoding=\"async\" width=\"717\" height=\"406\" src=\"https:\/\/i0.wp.com\/gromeautomobiler.dk\/wp-content\/uploads\/2025\/08\/YINGANG-LITTLE-MONSTER-EURO-5-25-KM.jpg?resize=717%2C406&#038;ssl=1\" alt=\"Lille-Monster-Skymoto-Euro-5-knallert-25\" class=\"wp-image-953\" srcset=\"https:\/\/i0.wp.com\/gromeautomobiler.dk\/wp-content\/uploads\/2025\/08\/YINGANG-LITTLE-MONSTER-EURO-5-25-KM.jpg?w=717&amp;ssl=1 717w, https:\/\/i0.wp.com\/gromeautomobiler.dk\/wp-content\/uploads\/2025\/08\/YINGANG-LITTLE-MONSTER-EURO-5-25-KM.jpg?resize=300%2C170&amp;ssl=1 300w, https:\/\/i0.wp.com\/gromeautomobiler.dk\/wp-content\/uploads\/2025\/08\/YINGANG-LITTLE-MONSTER-EURO-5-25-KM.jpg?resize=416%2C236&amp;ssl=1 416w\" sizes=\"auto, (max-width: 717px) 100vw, 717px\" \/><figcaption class=\"wp-element-caption\">Lille-Monster-Skymoto-Euro-5-knallert-25<\/figcaption><\/figure>\n","protected":false},"excerpt":{"rendered":"<p>LILLE MONSTER EURO 5 LILLE KNALLERT.Motortype:4 Takt luftk\u00f8let, 1 cylinder.Motorst\u00f8rrelse:49ccm\u00a0 med elektronisk benzin indspr\u00f8jtningStarter: El &amp; Kickstarter.Transmission:4 fodgear manuel kobling-k\u00e6detr\u00e6k.Tankindhold:10 L.Choker: automatisk.Oktan:100 E5L &#8211; B &#8211; H:1770\/750\/1020 mm.Sadelh\u00f8jde:750mm.V\u00e6gt k\u00f8reklar:104kg.Affjedring for\/bag: Teleskopforgaffel &#8211; St\u00f8dd\u00e6mper.Bremser for\/bag: Skive.D\u00e6k for\/bag:120\/70-12.Udstyr: LED forlygte\u00a0 med k\u00f8relys, LCD Speedometer\/ Kilometert\u00e6ller,\u00a0Led blinklys, benzinm\u00e5ler,\u00a0kontrollampe for blinklys, \u00a0og fjernlys, styrl\u00e5s\u00a0.Leveres i farve: r\u00f8d ,sort og [&hellip;]<\/p>\n","protected":false},"author":1,"featured_media":0,"parent":0,"menu_order":0,"comment_status":"closed","ping_status":"closed","template":"","meta":{"footnotes":""},"class_list":["post-962","page","type-page","status-publish","hentry"],"jetpack_sharing_enabled":true,"_links":{"self":[{"href":"https:\/\/gromeautomobiler.dk\/index.php?rest_route=\/wp\/v2\/pages\/962","targetHints":{"allow":["GET"]}}],"collection":[{"href":"https:\/\/gromeautomobiler.dk\/index.php?rest_route=\/wp\/v2\/pages"}],"about":[{"href":"https:\/\/gromeautomobiler.dk\/index.php?rest_route=\/wp\/v2\/types\/page"}],"author":[{"embeddable":true,"href":"https:\/\/gromeautomobiler.dk\/index.php?rest_route=\/wp\/v2\/users\/1"}],"replies":[{"embeddable":true,"href":"https:\/\/gromeautomobiler.dk\/index.php?rest_route=%2Fwp%2Fv2%2Fcomments&post=962"}],"version-history":[{"count":6,"href":"https:\/\/gromeautomobiler.dk\/index.php?rest_route=\/wp\/v2\/pages\/962\/revisions"}],"predecessor-version":[{"id":979,"href":"https:\/\/gromeautomobiler.dk\/index.php?rest_route=\/wp\/v2\/pages\/962\/revisions\/979"}],"wp:attachment":[{"href":"https:\/\/gromeautomobiler.dk\/index.php?rest_route=%2Fwp%2Fv2%2Fmedia&parent=962"}],"curies":[{"name":"wp","href":"https:\/\/api.w.org\/{rel}","templated":true}]}}