{"id":695,"date":"2023-01-31T06:44:19","date_gmt":"2023-01-31T06:44:19","guid":{"rendered":"https:\/\/gromeautomobiler.dk\/?page_id=695"},"modified":"2023-01-31T06:44:22","modified_gmt":"2023-01-31T06:44:22","slug":"bestilling-af-tid-paa-vaerksted","status":"publish","type":"page","link":"https:\/\/gromeautomobiler.dk\/?page_id=695","title":{"rendered":"Bestilling af tid p\u00e5 v\u00e6rksted"},"content":{"rendered":"\n<figure class=\"wp-block-image size-full\"><img data-recalc-dims=\"1\" loading=\"lazy\" decoding=\"async\" width=\"520\" height=\"800\" src=\"https:\/\/i0.wp.com\/gromeautomobiler.dk\/wp-content\/uploads\/2022\/10\/Mekaniker.png?resize=520%2C800&#038;ssl=1\" alt=\"\" class=\"wp-image-644\" srcset=\"https:\/\/i0.wp.com\/gromeautomobiler.dk\/wp-content\/uploads\/2022\/10\/Mekaniker.png?w=520&amp;ssl=1 520w, https:\/\/i0.wp.com\/gromeautomobiler.dk\/wp-content\/uploads\/2022\/10\/Mekaniker.png?resize=195%2C300&amp;ssl=1 195w, https:\/\/i0.wp.com\/gromeautomobiler.dk\/wp-content\/uploads\/2022\/10\/Mekaniker.png?resize=416%2C640&amp;ssl=1 416w\" sizes=\"auto, (max-width: 520px) 100vw, 520px\" \/><\/figure>\n\n\n\n<p>Da vores online funktion ikke er oppe at k\u00f8re endnu er man meget velkommen til at booke tid ved at skrive en e-mail direkte til Dennis (ds@gromeautomobiler.dk)<br>Husk at noterer bilens nummerplade i mailen. Og gerne mere end 1 forslag til tid &#8211; vi skal typisk 3-5 arbejdsdage frem for at du kan booke frit. <\/p>\n\n\n\n<p>Du kan ogs\u00e5 benytte vores <a href=\"https:\/\/bilhuset-grome.dk\/book-online\/#\/booking\/service\/list\" data-type=\"URL\" data-id=\"https:\/\/bilhuset-grome.dk\/book-online\/#\/booking\/service\/list\">BOSCH Car Service online beregner<\/a> dog skal man v\u00e6re opm\u00e6rksom p\u00e5 at den beregner teoretisk hvad der skal udf\u00f8res og tager ikke hensyn til hvad der m\u00e5tte v\u00e6re lavet ved sidste service eller eksempelvis s\u00e6rlige kampanger. <\/p>\n","protected":false},"excerpt":{"rendered":"<p>Da vores online funktion ikke er oppe at k\u00f8re endnu er man meget velkommen til at booke tid ved at skrive en e-mail direkte til Dennis (ds@gromeautomobiler.dk)Husk at noterer bilens nummerplade i mailen. Og gerne mere end 1 forslag til tid &#8211; vi skal typisk 3-5 arbejdsdage frem for at du kan booke frit. Du [&hellip;]<\/p>\n","protected":false},"author":1,"featured_media":0,"parent":0,"menu_order":0,"comment_status":"closed","ping_status":"closed","template":"","meta":{"footnotes":""},"class_list":["post-695","page","type-page","status-publish","hentry"],"jetpack_sharing_enabled":true,"_links":{"self":[{"href":"https:\/\/gromeautomobiler.dk\/index.php?rest_route=\/wp\/v2\/pages\/695","targetHints":{"allow":["GET"]}}],"collection":[{"href":"https:\/\/gromeautomobiler.dk\/index.php?rest_route=\/wp\/v2\/pages"}],"about":[{"href":"https:\/\/gromeautomobiler.dk\/index.php?rest_route=\/wp\/v2\/types\/page"}],"author":[{"embeddable":true,"href":"https:\/\/gromeautomobiler.dk\/index.php?rest_route=\/wp\/v2\/users\/1"}],"replies":[{"embeddable":true,"href":"https:\/\/gromeautomobiler.dk\/index.php?rest_route=%2Fwp%2Fv2%2Fcomments&post=695"}],"version-history":[{"count":1,"href":"https:\/\/gromeautomobiler.dk\/index.php?rest_route=\/wp\/v2\/pages\/695\/revisions"}],"predecessor-version":[{"id":696,"href":"https:\/\/gromeautomobiler.dk\/index.php?rest_route=\/wp\/v2\/pages\/695\/revisions\/696"}],"wp:attachment":[{"href":"https:\/\/gromeautomobiler.dk\/index.php?rest_route=%2Fwp%2Fv2%2Fmedia&parent=695"}],"curies":[{"name":"wp","href":"https:\/\/api.w.org\/{rel}","templated":true}]}}