{"id":679,"date":"2023-01-30T11:44:33","date_gmt":"2023-01-30T11:44:33","guid":{"rendered":"https:\/\/gromeautomobiler.dk\/?page_id=679"},"modified":"2023-01-30T11:44:34","modified_gmt":"2023-01-30T11:44:34","slug":"motocr","status":"publish","type":"page","link":"https:\/\/gromeautomobiler.dk\/?page_id=679","title":{"rendered":"MOTOCR"},"content":{"rendered":"\n<p>MOTOCR laver elektriske kabinescootere og vi forhandler disse &#8211; MOTOCR City-1 og MOTOCR Van<img data-recalc-dims=\"1\" loading=\"lazy\" decoding=\"async\" width=\"150\" height=\"69\" class=\"wp-image-681\" style=\"width: 150px;\" src=\"https:\/\/i0.wp.com\/gromeautomobiler.dk\/wp-content\/uploads\/2023\/01\/MOTOCRCITYCARGO.jpg?resize=150%2C69&#038;ssl=1\" alt=\"\" srcset=\"https:\/\/i0.wp.com\/gromeautomobiler.dk\/wp-content\/uploads\/2023\/01\/MOTOCRCITYCARGO.jpg?w=375&amp;ssl=1 375w, https:\/\/i0.wp.com\/gromeautomobiler.dk\/wp-content\/uploads\/2023\/01\/MOTOCRCITYCARGO.jpg?resize=300%2C138&amp;ssl=1 300w\" sizes=\"auto, (max-width: 150px) 100vw, 150px\" \/><\/p>\n\n\n\n<h2 class=\"wp-block-heading\">MOTOCR CITY DRIVE<\/h2>\n\n\n\n<p>TR\u00c6K STIKKET OG NYD TUREN!<br>L\u00e5s op med fjernbetjeningen, s\u00e6t varme p\u00e5 eller t\u00e6nd<br>for radioen og rul vinduet ned. Tag gerne din bedste ven<br>med \u2013 eller dit barn med p\u00e5 passagers\u00e6det.<br>Intet problem, for CITY er godkendt til to personer.<br>MOTOCR CITY k\u00f8rer godt, s\u00e5 godt, at du helt sikkert vil<br>elske turen gennem byen eller ud i det bl\u00e5.<br>Bes\u00f8g os og get the DRIVE i den nye CITY.<\/p>\n\n\n\n<figure class=\"wp-block-image size-full\"><img data-recalc-dims=\"1\" loading=\"lazy\" decoding=\"async\" width=\"980\" height=\"784\" src=\"https:\/\/i0.wp.com\/gromeautomobiler.dk\/wp-content\/uploads\/2023\/01\/Moto-CR-City-1.jpg?resize=980%2C784&#038;ssl=1\" alt=\"\" class=\"wp-image-680\" srcset=\"https:\/\/i0.wp.com\/gromeautomobiler.dk\/wp-content\/uploads\/2023\/01\/Moto-CR-City-1.jpg?w=1000&amp;ssl=1 1000w, https:\/\/i0.wp.com\/gromeautomobiler.dk\/wp-content\/uploads\/2023\/01\/Moto-CR-City-1.jpg?resize=300%2C240&amp;ssl=1 300w, https:\/\/i0.wp.com\/gromeautomobiler.dk\/wp-content\/uploads\/2023\/01\/Moto-CR-City-1.jpg?resize=768%2C614&amp;ssl=1 768w, https:\/\/i0.wp.com\/gromeautomobiler.dk\/wp-content\/uploads\/2023\/01\/Moto-CR-City-1.jpg?resize=416%2C333&amp;ssl=1 416w\" sizes=\"auto, (max-width: 980px) 100vw, 980px\" \/><\/figure>\n\n\n\n<h2 class=\"wp-block-heading\">LEVERER VAREN<\/h2>\n\n\n\n<p>ENDELIG EN PICK-UP, DER GIVER<br>BYENS VAREBILER BAGHJUL<br>Trehjulede transportere er ikke breaking news. &nbsp;<br>Men, at man kan v\u00e6lge en smart og praktisk<br>el-Cargo, enten som Pick-up eller Van, er en stor nyhed. Bogstaveligt talt, for b\u00e5de pickup og van er mere end rummelige. De giver byens varebiler baghjul, n\u00e5r det handler om at forcere bytrafikken, og levere til tiden, hurtigt og lydl\u00f8st. Begge modeller vinder p\u00e5 moderne instrumentering og masser af komfortudstyr. Moderne chassis og skivebremser p\u00e5 alle hjul giver sikre&nbsp; k\u00f8reegenskaber.<\/p>\n\n\n\n<figure class=\"wp-block-image size-full\"><img data-recalc-dims=\"1\" loading=\"lazy\" decoding=\"async\" width=\"733\" height=\"502\" src=\"https:\/\/i0.wp.com\/gromeautomobiler.dk\/wp-content\/uploads\/2023\/01\/MOTOCRPICKUP.jpg?resize=733%2C502&#038;ssl=1\" alt=\"\" class=\"wp-image-682\" srcset=\"https:\/\/i0.wp.com\/gromeautomobiler.dk\/wp-content\/uploads\/2023\/01\/MOTOCRPICKUP.jpg?w=733&amp;ssl=1 733w, https:\/\/i0.wp.com\/gromeautomobiler.dk\/wp-content\/uploads\/2023\/01\/MOTOCRPICKUP.jpg?resize=300%2C205&amp;ssl=1 300w, https:\/\/i0.wp.com\/gromeautomobiler.dk\/wp-content\/uploads\/2023\/01\/MOTOCRPICKUP.jpg?resize=416%2C285&amp;ssl=1 416w\" sizes=\"auto, (max-width: 733px) 100vw, 733px\" \/><\/figure>\n","protected":false},"excerpt":{"rendered":"<p>MOTOCR laver elektriske kabinescootere og vi forhandler disse &#8211; MOTOCR City-1 og MOTOCR Van MOTOCR CITY DRIVE TR\u00c6K STIKKET OG NYD TUREN!L\u00e5s op med fjernbetjeningen, s\u00e6t varme p\u00e5 eller t\u00e6ndfor radioen og rul vinduet ned. Tag gerne din bedste venmed \u2013 eller dit barn med p\u00e5 passagers\u00e6det.Intet problem, for CITY er godkendt til to personer.MOTOCR [&hellip;]<\/p>\n","protected":false},"author":1,"featured_media":0,"parent":0,"menu_order":0,"comment_status":"closed","ping_status":"closed","template":"","meta":{"footnotes":""},"class_list":["post-679","page","type-page","status-publish","hentry"],"jetpack_sharing_enabled":true,"_links":{"self":[{"href":"https:\/\/gromeautomobiler.dk\/index.php?rest_route=\/wp\/v2\/pages\/679","targetHints":{"allow":["GET"]}}],"collection":[{"href":"https:\/\/gromeautomobiler.dk\/index.php?rest_route=\/wp\/v2\/pages"}],"about":[{"href":"https:\/\/gromeautomobiler.dk\/index.php?rest_route=\/wp\/v2\/types\/page"}],"author":[{"embeddable":true,"href":"https:\/\/gromeautomobiler.dk\/index.php?rest_route=\/wp\/v2\/users\/1"}],"replies":[{"embeddable":true,"href":"https:\/\/gromeautomobiler.dk\/index.php?rest_route=%2Fwp%2Fv2%2Fcomments&post=679"}],"version-history":[{"count":1,"href":"https:\/\/gromeautomobiler.dk\/index.php?rest_route=\/wp\/v2\/pages\/679\/revisions"}],"predecessor-version":[{"id":683,"href":"https:\/\/gromeautomobiler.dk\/index.php?rest_route=\/wp\/v2\/pages\/679\/revisions\/683"}],"wp:attachment":[{"href":"https:\/\/gromeautomobiler.dk\/index.php?rest_route=%2Fwp%2Fv2%2Fmedia&parent=679"}],"curies":[{"name":"wp","href":"https:\/\/api.w.org\/{rel}","templated":true}]}}