{"id":391,"date":"2021-06-24T10:49:00","date_gmt":"2021-06-24T10:49:00","guid":{"rendered":"https:\/\/gromeautomobiler.dk\/?page_id=391"},"modified":"2025-12-16T10:02:02","modified_gmt":"2025-12-16T10:02:02","slug":"salgsafdelingen","status":"publish","type":"page","link":"https:\/\/gromeautomobiler.dk\/?page_id=391","title":{"rendered":"Salgsafdelingen"},"content":{"rendered":"\n<p>Vi har altid et stort udvalg af nyere brugte biler. <br>Se hvad vi aktuelt har st\u00e5ende p\u00e5 dette link til <mark style=\"background-color:rgba(0, 0, 0, 0);color:#ff1a00\" class=\"has-inline-color\"><a href=\"https:\/\/www.biltorvet.dk\/forhandler\/frederikssund\/grome-automobiler-aps\/667\" target=\"_blank\" rel=\"noreferrer noopener\">Biltorvet<\/a><\/mark><br>F\u00f8lg os gerne p\u00e5 <a href=\"https:\/\/www.facebook.com\/gromeauto\" target=\"_blank\" rel=\"noreferrer noopener\"><mark style=\"background-color:rgba(0, 0, 0, 0);color:#00a2ff\" class=\"has-inline-color\">Facebook<\/mark><\/a>.<br><br>Kontakt os gerne ved sp\u00f8rgsm\u00e5l.<br><br>Erhvervsvogns &amp; personvogns s\u00e6lger: <br>Rene Friis &#8211; 21919422 &#8211; rf@gromeautomobiler.dk<br><br>Ellers ring p\u00e5 vort hovednummer: 44440212 og v\u00e6lg &#8220;3&#8221; for salg.<\/p>\n\n\n\n<p>Grome Automobiler ApS startede den 1\/10-1997 p\u00e5 Hvedemarken 10 i Farum og<br>flyttede i april 2016 til nye lokaler p\u00e5 Hvedemarken 16. I juli 2025 valgte vi at f\u00f8lge udviklingen og flyttede til Frederikssund &#8211; hvor vi er i dag p\u00e5 Frejasvej 7. <br>Kom gerne forbi og oplev vore hyggelige bilhus.<br><br>Salgsafdelingens \u00e5bningstider: <br>Mandag &#8211; Fredag: 09:30-17:00<br>L\u00f8rdag: Lukket &#8211; dog \u00e5ben efter aftale<br>S\u00f8ndag: Normalt \u00e5bent mellem 11:00 &#8211; 15:00<br><\/p>\n\n\n\n<p><\/p>\n","protected":false},"excerpt":{"rendered":"<p>Vi har altid et stort udvalg af nyere brugte biler. Se hvad vi aktuelt har st\u00e5ende p\u00e5 dette link til BiltorvetF\u00f8lg os gerne p\u00e5 Facebook. Kontakt os gerne ved sp\u00f8rgsm\u00e5l. Erhvervsvogns &amp; personvogns s\u00e6lger: Rene Friis &#8211; 21919422 &#8211; rf@gromeautomobiler.dk Ellers ring p\u00e5 vort hovednummer: 44440212 og v\u00e6lg &#8220;3&#8221; for salg. Grome Automobiler ApS startede [&hellip;]<\/p>\n","protected":false},"author":1,"featured_media":0,"parent":0,"menu_order":0,"comment_status":"closed","ping_status":"closed","template":"","meta":{"footnotes":""},"class_list":["post-391","page","type-page","status-publish","hentry"],"jetpack_sharing_enabled":true,"_links":{"self":[{"href":"https:\/\/gromeautomobiler.dk\/index.php?rest_route=\/wp\/v2\/pages\/391","targetHints":{"allow":["GET"]}}],"collection":[{"href":"https:\/\/gromeautomobiler.dk\/index.php?rest_route=\/wp\/v2\/pages"}],"about":[{"href":"https:\/\/gromeautomobiler.dk\/index.php?rest_route=\/wp\/v2\/types\/page"}],"author":[{"embeddable":true,"href":"https:\/\/gromeautomobiler.dk\/index.php?rest_route=\/wp\/v2\/users\/1"}],"replies":[{"embeddable":true,"href":"https:\/\/gromeautomobiler.dk\/index.php?rest_route=%2Fwp%2Fv2%2Fcomments&post=391"}],"version-history":[{"count":39,"href":"https:\/\/gromeautomobiler.dk\/index.php?rest_route=\/wp\/v2\/pages\/391\/revisions"}],"predecessor-version":[{"id":1017,"href":"https:\/\/gromeautomobiler.dk\/index.php?rest_route=\/wp\/v2\/pages\/391\/revisions\/1017"}],"wp:attachment":[{"href":"https:\/\/gromeautomobiler.dk\/index.php?rest_route=%2Fwp%2Fv2%2Fmedia&parent=391"}],"curies":[{"name":"wp","href":"https:\/\/api.w.org\/{rel}","templated":true}]}}