{"id":386,"date":"2021-06-24T10:41:38","date_gmt":"2021-06-24T10:41:38","guid":{"rendered":"https:\/\/gromeautomobiler.dk\/?page_id=386"},"modified":"2023-02-28T08:10:59","modified_gmt":"2023-02-28T08:10:59","slug":"goer-din-bil-klar-til-sommerens-koereture-med-et-sommertjek","status":"publish","type":"page","link":"https:\/\/gromeautomobiler.dk\/?page_id=386","title":{"rendered":"Aktuelle kampanger p\u00e5 v\u00e6rkstedet"},"content":{"rendered":"\n<figure class=\"wp-block-image size-full\"><img data-recalc-dims=\"1\" loading=\"lazy\" decoding=\"async\" width=\"600\" height=\"600\" src=\"https:\/\/i0.wp.com\/gromeautomobiler.dk\/wp-content\/uploads\/2023\/02\/Service2.png?resize=600%2C600&#038;ssl=1\" alt=\"\" class=\"wp-image-731\" srcset=\"https:\/\/i0.wp.com\/gromeautomobiler.dk\/wp-content\/uploads\/2023\/02\/Service2.png?w=600&amp;ssl=1 600w, https:\/\/i0.wp.com\/gromeautomobiler.dk\/wp-content\/uploads\/2023\/02\/Service2.png?resize=300%2C300&amp;ssl=1 300w, https:\/\/i0.wp.com\/gromeautomobiler.dk\/wp-content\/uploads\/2023\/02\/Service2.png?resize=150%2C150&amp;ssl=1 150w, https:\/\/i0.wp.com\/gromeautomobiler.dk\/wp-content\/uploads\/2023\/02\/Service2.png?resize=324%2C324&amp;ssl=1 324w, https:\/\/i0.wp.com\/gromeautomobiler.dk\/wp-content\/uploads\/2023\/02\/Service2.png?resize=416%2C416&amp;ssl=1 416w, https:\/\/i0.wp.com\/gromeautomobiler.dk\/wp-content\/uploads\/2023\/02\/Service2.png?resize=100%2C100&amp;ssl=1 100w\" sizes=\"auto, (max-width: 600px) 100vw, 600px\" \/><\/figure>\n\n\n\n<p>Olieskifte p\u00e5 SEAT\/SKODA\/VW\/AUDI PHEV biler<br>Kampagnepris: Pris: 1995,- kr.<br>Vi skifter oliefilter og olie og stempler i SEAT\/SKODA\/VW\/AUDI digitale servicebog<\/p>\n\n\n\n<p><strong>Vi udf\u00f8rer f\u00f8lgende<\/strong><\/p>\n\n\n\n<ul class=\"wp-block-list\">\n<li>Visuel kontrol af bremser<\/li>\n\n\n\n<li>Udskiftning af motoroliefilter og bundprop<\/li>\n\n\n\n<li>Udskiftning af motorolie med frisk Q8 motorolie<\/li>\n\n\n\n<li>Visuel kontrol af viskerblade<\/li>\n<\/ul>\n\n\n\n<p><strong>Pris kun kr. 1995,-<br><\/strong><\/p>\n\n\n\n<p>Bestil altid i god tid s\u00e5 du er sikker p\u00e5 at kunne f\u00e5 netop den tid der passer dig!<\/p>\n","protected":false},"excerpt":{"rendered":"<p>Olieskifte p\u00e5 SEAT\/SKODA\/VW\/AUDI PHEV bilerKampagnepris: Pris: 1995,- kr.Vi skifter oliefilter og olie og stempler i SEAT\/SKODA\/VW\/AUDI digitale servicebog Vi udf\u00f8rer f\u00f8lgende Pris kun kr. 1995,- Bestil altid i god tid s\u00e5 du er sikker p\u00e5 at kunne f\u00e5 netop den tid der passer dig!<\/p>\n","protected":false},"author":1,"featured_media":0,"parent":0,"menu_order":0,"comment_status":"closed","ping_status":"closed","template":"","meta":{"footnotes":""},"class_list":["post-386","page","type-page","status-publish","hentry"],"jetpack_sharing_enabled":true,"_links":{"self":[{"href":"https:\/\/gromeautomobiler.dk\/index.php?rest_route=\/wp\/v2\/pages\/386","targetHints":{"allow":["GET"]}}],"collection":[{"href":"https:\/\/gromeautomobiler.dk\/index.php?rest_route=\/wp\/v2\/pages"}],"about":[{"href":"https:\/\/gromeautomobiler.dk\/index.php?rest_route=\/wp\/v2\/types\/page"}],"author":[{"embeddable":true,"href":"https:\/\/gromeautomobiler.dk\/index.php?rest_route=\/wp\/v2\/users\/1"}],"replies":[{"embeddable":true,"href":"https:\/\/gromeautomobiler.dk\/index.php?rest_route=%2Fwp%2Fv2%2Fcomments&post=386"}],"version-history":[{"count":5,"href":"https:\/\/gromeautomobiler.dk\/index.php?rest_route=\/wp\/v2\/pages\/386\/revisions"}],"predecessor-version":[{"id":732,"href":"https:\/\/gromeautomobiler.dk\/index.php?rest_route=\/wp\/v2\/pages\/386\/revisions\/732"}],"wp:attachment":[{"href":"https:\/\/gromeautomobiler.dk\/index.php?rest_route=%2Fwp%2Fv2%2Fmedia&parent=386"}],"curies":[{"name":"wp","href":"https:\/\/api.w.org\/{rel}","templated":true}]}}