{"id":373,"date":"2021-06-24T10:32:05","date_gmt":"2021-06-24T10:32:05","guid":{"rendered":"https:\/\/gromeautomobiler.dk\/?page_id=373"},"modified":"2022-06-05T08:56:20","modified_gmt":"2022-06-05T08:56:20","slug":"vaerkstedet","status":"publish","type":"page","link":"https:\/\/gromeautomobiler.dk\/?page_id=373","title":{"rendered":"V\u00e6rkstedet"},"content":{"rendered":"\n<h1 class=\"wp-block-heading\"><\/h1>\n\n\n\n<p>Vores moderne v\u00e6rksted r\u00e5der over alt det nyeste inden for testere, specialv\u00e6rkt\u00f8j, sporingsapparater mv. Vores expertise og speciale ligger p\u00e5 Seat, VW , Audi, Skoda samt MAXUS biler, men vi laver naturligvis alle bilm\u00e6rker!<\/p>\n\n\n\n<p>Bag servicer\u00e5dgiveren arbejder mekanikerne, der har gennemg\u00e5et avancerede uddannelser b\u00e5de hos MAXUS samt det frie marked, s\u00e5 de er udstyret med de seneste tekniske informationer. De er endvidere uddannet til at betjene det avancerede tekniske udstyr, som i dag er n\u00f8dvendigt for at give din bil den optimale behandling. Et service p\u00e5 din bil er ikke bare et service.\u00a0<br><br>Vores skadecenter klarer alt fra sm\u00e5 buler og k\u00f8reridser, til de helt store skader. Vi har et godt samarbejde<br>med samtlige forsikringsselskaber og ordner alt det praktiske for dig. Vi stiller naturligvis gratis erstatningsbil til r\u00e5dighed, mens vi udbedre skaden p\u00e5 din bil.<br><br>Skal bilen til det obligatoriske periodesyn, kan vi ogs\u00e5 klare dette. Vi har er godt samarbejde med\u00a0bilsyn i Farum,<br>og vi er altid parat til at hj\u00e6lpe med dette ogs\u00e5.<br><br>Uanset hvilke arbejde der skal laves p\u00e5 bilen, kan du leje en erstatningsbil til en yderst attraktiv pris, mens din bil er hos os. <\/p>\n\n\n\n<p>Vil tilbyder  blandt andet d\u00e6kopbevaring, \u00f8nsker du at slippe for besv\u00e6ret med at opbevare dine sommer og vinterd\u00e6k? Grome Automobiler tilbyder at opbevarer dem for dig. Du betaler kun for hjulskift 2 gange om \u00e5ret.<br>Har du nogle sp\u00f8rgsm\u00e5 er du meget velkommen til at kontakte os p\u00e5 4444 0212 og v\u00e6lge 1 for v\u00e6rksted.<br>Dette tilbyder vi til kun 450,- pr gang. NB: Ved biler med TPMS ventiler der skal kodes er der till\u00e6g p\u00e5 150,-<\/p>\n\n\n\n<p><br><br>Pr\u00f8v os; vi bliver ikke slidt af at blive brugt.<\/p>\n","protected":false},"excerpt":{"rendered":"<p>Vores moderne v\u00e6rksted r\u00e5der over alt det nyeste inden for testere, specialv\u00e6rkt\u00f8j, sporingsapparater mv. Vores expertise og speciale ligger p\u00e5 Seat, VW , Audi, Skoda samt MAXUS biler, men vi laver naturligvis alle bilm\u00e6rker! Bag servicer\u00e5dgiveren arbejder mekanikerne, der har gennemg\u00e5et avancerede uddannelser b\u00e5de hos MAXUS samt det frie marked, s\u00e5 de er udstyret med [&hellip;]<\/p>\n","protected":false},"author":1,"featured_media":0,"parent":0,"menu_order":0,"comment_status":"closed","ping_status":"closed","template":"","meta":{"footnotes":""},"class_list":["post-373","page","type-page","status-publish","hentry"],"jetpack_sharing_enabled":true,"_links":{"self":[{"href":"https:\/\/gromeautomobiler.dk\/index.php?rest_route=\/wp\/v2\/pages\/373","targetHints":{"allow":["GET"]}}],"collection":[{"href":"https:\/\/gromeautomobiler.dk\/index.php?rest_route=\/wp\/v2\/pages"}],"about":[{"href":"https:\/\/gromeautomobiler.dk\/index.php?rest_route=\/wp\/v2\/types\/page"}],"author":[{"embeddable":true,"href":"https:\/\/gromeautomobiler.dk\/index.php?rest_route=\/wp\/v2\/users\/1"}],"replies":[{"embeddable":true,"href":"https:\/\/gromeautomobiler.dk\/index.php?rest_route=%2Fwp%2Fv2%2Fcomments&post=373"}],"version-history":[{"count":3,"href":"https:\/\/gromeautomobiler.dk\/index.php?rest_route=\/wp\/v2\/pages\/373\/revisions"}],"predecessor-version":[{"id":611,"href":"https:\/\/gromeautomobiler.dk\/index.php?rest_route=\/wp\/v2\/pages\/373\/revisions\/611"}],"wp:attachment":[{"href":"https:\/\/gromeautomobiler.dk\/index.php?rest_route=%2Fwp%2Fv2%2Fmedia&parent=373"}],"curies":[{"name":"wp","href":"https:\/\/api.w.org\/{rel}","templated":true}]}}