{"id":25,"date":"2020-07-11T07:51:33","date_gmt":"2020-07-11T07:51:33","guid":{"rendered":"https:\/\/gromeautomobiler.dk\/?page_id=25"},"modified":"2026-02-18T09:43:16","modified_gmt":"2026-02-18T09:43:16","slug":"om-os","status":"publish","type":"page","link":"https:\/\/gromeautomobiler.dk\/?page_id=25","title":{"rendered":"Om os"},"content":{"rendered":"\n<p>Grome Automobiler ApS startede som autoriseret SEAT forhandler og servicepartner i oktober 1997 i Farum p\u00e5 Hvedemarken 10 i p\u00e5sken 2015 flyttede man til Hvedemarken 16 i Farum for s\u00e5 i august 2025 at flytte til Frejasvej 7 i Frederikssund<\/p>\n\n\n\n<p>Grome Automobiler har gennem \u00e5rene v\u00e6ret en af de bedst s\u00e6lgende SEAT forhandlere i Danmark og er 3 gange k\u00e5ret som Danmarks bedste SEAT forhandler.  Vi valgte pr 1\/6 2022 at opsige vort samarbejde med SEAT.<\/p>\n\n\n\n<p>I 2020 fik Grome Automobiler ApS mulighed for at blive MAXUS forhandler og dette tog man med gl\u00e6de imod da MAXUS model program inden for el biler i b\u00e5de varebiler og personbiler er sp\u00e6ndende og klart et program der vil tiltale mange danske bilk\u00f8bere &#8211; erhverv s\u00e5vel som personbiler. SAIC-MAXUS er ejet af SAIC der er den st\u00f8rste bilproducent i Kina gennem en r\u00e6kke m\u00e6rker som fx MAXUS og MG. SAIC bygger desuden biler for blandt andet GM og Volkswagen (Samtlige ID modeller der s\u00e6lges i Kina)<\/p>\n\n\n\n<p>i 2023  fik Grome Automobiler ApS mulighed for at blive JAC Motors forhandler . Vi ser frem til at s\u00e6lge JAC biler til vore kunder da JAC har en del af de mindre el biler som der mangler p\u00e5 det danske marked. JAC startede i 1964 og er i Kina kendt for at lave holdbare biler der bare bliver ved med at k\u00f8re. JAC bygger desuden alle NIO biler samt bygger el biler for Volkswagen gennem et jointventure.<\/p>\n\n\n\n<p>I 2024 fik Grome Automobiler ApS tilbudt at blive forhandler af KGM &#8211; KG Group som ejer KGM er et stort Koreansk konglomerat  som ejer &#8211; ud over KGM &#8211; KG-Mobility &#8211; KG Steel, KG Chemical og ejer bla franchise p\u00e5 KFC i Korea. <br>KGM er det nye navn for SsangYoung Motors. Som KG Group har investeret meget kraftigt i. Der er allerede flere modeller p\u00e5 vej fra KGM som vi ser frem til at kunne forhandle. <\/p>\n\n\n\n<p>Vi valgte at afslutte samarbejdet med RSA Danmark pr 31\/12-2025 der er import\u00f8r af MAXUS, JAC og KGM og dermed sluttede vi med forhandlingen af disse. <\/p>\n\n\n\n<p>I 2025 fik vi muligheden for at forhandle SKYMOTO knallerter som vi nu har et udvalg st\u00e5ende af. <\/p>\n\n\n\n<p>P\u00e5 v\u00e6rkstedssiden har vi siden 2022 udover m\u00e6rke og frit v\u00e6rksted v\u00e6ret en del af BOSCH Car Service.<\/p>\n\n\n\n<p>Grome Automobiler ApS<br>Frejasvej 7<br>3600 Frederikssund<br>4495 9521<br>CVR: 20033231<\/p>\n\n\n\n<figure class=\"wp-block-image size-full\"><img data-recalc-dims=\"1\" loading=\"lazy\" decoding=\"async\" width=\"757\" height=\"739\" src=\"https:\/\/i0.wp.com\/gromeautomobiler.dk\/wp-content\/uploads\/2025\/10\/GromeAutomobilerApS.png?resize=757%2C739&#038;ssl=1\" alt=\"\" class=\"wp-image-1004\" srcset=\"https:\/\/i0.wp.com\/gromeautomobiler.dk\/wp-content\/uploads\/2025\/10\/GromeAutomobilerApS.png?w=757&amp;ssl=1 757w, https:\/\/i0.wp.com\/gromeautomobiler.dk\/wp-content\/uploads\/2025\/10\/GromeAutomobilerApS.png?resize=300%2C293&amp;ssl=1 300w, https:\/\/i0.wp.com\/gromeautomobiler.dk\/wp-content\/uploads\/2025\/10\/GromeAutomobilerApS.png?resize=416%2C406&amp;ssl=1 416w\" sizes=\"auto, (max-width: 757px) 100vw, 757px\" \/><\/figure>\n\n\n\n\n\n<div class=\"wpcf7 no-js\" id=\"wpcf7-f138-o1\" lang=\"da-DK\" dir=\"ltr\" data-wpcf7-id=\"138\">\n<div class=\"screen-reader-response\"><p role=\"status\" aria-live=\"polite\" aria-atomic=\"true\"><\/p> <ul><\/ul><\/div>\n<form action=\"\/index.php?rest_route=%2Fwp%2Fv2%2Fpages%2F25#wpcf7-f138-o1\" method=\"post\" class=\"wpcf7-form init\" aria-label=\"Kontaktformular\" novalidate=\"novalidate\" data-status=\"init\">\n<fieldset class=\"hidden-fields-container\"><input type=\"hidden\" name=\"_wpcf7\" value=\"138\" \/><input type=\"hidden\" name=\"_wpcf7_version\" value=\"6.1.5\" \/><input type=\"hidden\" name=\"_wpcf7_locale\" value=\"da_DK\" \/><input type=\"hidden\" name=\"_wpcf7_unit_tag\" value=\"wpcf7-f138-o1\" \/><input type=\"hidden\" name=\"_wpcf7_container_post\" value=\"0\" \/><input type=\"hidden\" name=\"_wpcf7_posted_data_hash\" value=\"\" \/><input type=\"hidden\" name=\"_wpcf7_recaptcha_response\" value=\"\" \/>\n<\/fieldset>\n<p><label> Dit navn (p\u00e5kr\u00e6vet)<br \/>\n<span class=\"wpcf7-form-control-wrap\" data-name=\"your-name\"><input size=\"40\" maxlength=\"400\" class=\"wpcf7-form-control wpcf7-text wpcf7-validates-as-required\" aria-required=\"true\" aria-invalid=\"false\" value=\"\" type=\"text\" name=\"your-name\" \/><\/span> <\/label>\n<\/p>\n<p><label> Din e-mail (p\u00e5kr\u00e6vet)<br \/>\n<span class=\"wpcf7-form-control-wrap\" data-name=\"your-email\"><input size=\"40\" maxlength=\"400\" class=\"wpcf7-form-control wpcf7-email wpcf7-validates-as-required wpcf7-text wpcf7-validates-as-email\" aria-required=\"true\" aria-invalid=\"false\" value=\"\" type=\"email\" name=\"your-email\" \/><\/span> <\/label>\n<\/p>\n<p><label> Emne<br \/>\n<span class=\"wpcf7-form-control-wrap\" data-name=\"your-subject\"><input size=\"40\" maxlength=\"400\" class=\"wpcf7-form-control wpcf7-text\" aria-invalid=\"false\" value=\"\" type=\"text\" name=\"your-subject\" \/><\/span> <\/label>\n<\/p>\n<p><label> Din besked<br \/>\n<span class=\"wpcf7-form-control-wrap\" data-name=\"your-message\"><textarea cols=\"40\" rows=\"10\" maxlength=\"2000\" class=\"wpcf7-form-control wpcf7-textarea\" aria-invalid=\"false\" name=\"your-message\"><\/textarea><\/span> <\/label>\n<\/p>\n<p><input class=\"wpcf7-form-control wpcf7-submit has-spinner\" type=\"submit\" value=\"Indsend\" \/>\n<\/p><div class=\"wpcf7-response-output\" aria-hidden=\"true\"><\/div>\n<\/form>\n<\/div>\n\n","protected":false},"excerpt":{"rendered":"<p>Grome Automobiler ApS startede som autoriseret SEAT forhandler og servicepartner i oktober 1997 i Farum p\u00e5 Hvedemarken 10 i p\u00e5sken 2015 flyttede man til Hvedemarken 16 i Farum for s\u00e5 i august 2025 at flytte til Frejasvej 7 i Frederikssund Grome Automobiler har gennem \u00e5rene v\u00e6ret en af de bedst s\u00e6lgende SEAT forhandlere i Danmark [&hellip;]<\/p>\n","protected":false},"author":1,"featured_media":0,"parent":0,"menu_order":0,"comment_status":"closed","ping_status":"closed","template":"","meta":{"footnotes":""},"class_list":["post-25","page","type-page","status-publish","hentry"],"jetpack_sharing_enabled":true,"_links":{"self":[{"href":"https:\/\/gromeautomobiler.dk\/index.php?rest_route=\/wp\/v2\/pages\/25","targetHints":{"allow":["GET"]}}],"collection":[{"href":"https:\/\/gromeautomobiler.dk\/index.php?rest_route=\/wp\/v2\/pages"}],"about":[{"href":"https:\/\/gromeautomobiler.dk\/index.php?rest_route=\/wp\/v2\/types\/page"}],"author":[{"embeddable":true,"href":"https:\/\/gromeautomobiler.dk\/index.php?rest_route=\/wp\/v2\/users\/1"}],"replies":[{"embeddable":true,"href":"https:\/\/gromeautomobiler.dk\/index.php?rest_route=%2Fwp%2Fv2%2Fcomments&post=25"}],"version-history":[{"count":12,"href":"https:\/\/gromeautomobiler.dk\/index.php?rest_route=\/wp\/v2\/pages\/25\/revisions"}],"predecessor-version":[{"id":1045,"href":"https:\/\/gromeautomobiler.dk\/index.php?rest_route=\/wp\/v2\/pages\/25\/revisions\/1045"}],"wp:attachment":[{"href":"https:\/\/gromeautomobiler.dk\/index.php?rest_route=%2Fwp%2Fv2%2Fmedia&parent=25"}],"curies":[{"name":"wp","href":"https:\/\/api.w.org\/{rel}","templated":true}]}}